{"id":1906,"date":"2023-02-08T15:17:48","date_gmt":"2023-02-08T15:17:48","guid":{"rendered":"https:\/\/rotadoazeitetrasosmontes.pt\/?page_id=1906"},"modified":"2023-02-16T16:54:05","modified_gmt":"2023-02-16T16:54:05","slug":"formacao-acao","status":"publish","type":"page","link":"https:\/\/rotadoazeitetrasosmontes.pt\/?page_id=1906","title":{"rendered":"Forma\u00e7\u00e3o-a\u00e7\u00e3o"},"content":{"rendered":"\t\t<div data-elementor-type=\"wp-page\" data-elementor-id=\"1906\" class=\"elementor elementor-1906\">\n\t\t\t\t\t\t\t\t\t<section class=\"elementor-section elementor-top-section elementor-element elementor-element-9728600 elementor-section-height-min-height elementor-section-boxed elementor-section-height-default elementor-section-items-middle\" data-id=\"9728600\" data-element_type=\"section\" data-settings=\"{&quot;background_background&quot;:&quot;classic&quot;}\">\n\t\t\t\t\t\t<div class=\"elementor-container elementor-column-gap-default\">\n\t\t\t\t\t<div class=\"elementor-column elementor-col-100 elementor-top-column elementor-element elementor-element-67f4d83\" data-id=\"67f4d83\" data-element_type=\"column\">\n\t\t\t<div class=\"elementor-widget-wrap elementor-element-populated\">\n\t\t\t\t\t\t\t\t<div class=\"elementor-element elementor-element-0564865 elementor-widget elementor-widget-heading\" data-id=\"0564865\" data-element_type=\"widget\" data-widget_type=\"heading.default\">\n\t\t\t\t<div class=\"elementor-widget-container\">\n\t\t\t<style>\/*! elementor - v3.11.1 - 15-02-2023 *\/\n.elementor-heading-title{padding:0;margin:0;line-height:1}.elementor-widget-heading .elementor-heading-title[class*=elementor-size-]>a{color:inherit;font-size:inherit;line-height:inherit}.elementor-widget-heading .elementor-heading-title.elementor-size-small{font-size:15px}.elementor-widget-heading .elementor-heading-title.elementor-size-medium{font-size:19px}.elementor-widget-heading .elementor-heading-title.elementor-size-large{font-size:29px}.elementor-widget-heading .elementor-heading-title.elementor-size-xl{font-size:39px}.elementor-widget-heading .elementor-heading-title.elementor-size-xxl{font-size:59px}<\/style><h2 class=\"elementor-heading-title elementor-size-default\">Forma\u00e7\u00e3o-A\u00e7\u00e3o<\/h2>\t\t<\/div>\n\t\t\t\t<\/div>\n\t\t\t\t\t<\/div>\n\t\t<\/div>\n\t\t\t\t\t\t\t<\/div>\n\t\t<\/section>\n\t\t\t\t<section class=\"elementor-section elementor-top-section elementor-element elementor-element-fd86136 elementor-section-boxed elementor-section-height-default elementor-section-height-default\" data-id=\"fd86136\" data-element_type=\"section\">\n\t\t\t\t\t\t<div class=\"elementor-container elementor-column-gap-default\">\n\t\t\t\t\t<div class=\"elementor-column elementor-col-100 elementor-top-column elementor-element elementor-element-13c1aec\" data-id=\"13c1aec\" data-element_type=\"column\">\n\t\t\t<div class=\"elementor-widget-wrap elementor-element-populated\">\n\t\t\t\t\t\t\t\t<div class=\"elementor-element elementor-element-adde70a elementor-widget elementor-widget-spacer\" data-id=\"adde70a\" data-element_type=\"widget\" data-widget_type=\"spacer.default\">\n\t\t\t\t<div class=\"elementor-widget-container\">\n\t\t\t<style>\/*! elementor - v3.11.1 - 15-02-2023 *\/\n.elementor-column .elementor-spacer-inner{height:var(--spacer-size)}.e-con{--container-widget-width:100%}.e-con-inner>.elementor-widget-spacer,.e-con>.elementor-widget-spacer{width:var(--container-widget-width,var(--spacer-size));--align-self:var(--container-widget-align-self,initial);--flex-shrink:0}.e-con-inner>.elementor-widget-spacer>.elementor-widget-container,.e-con-inner>.elementor-widget-spacer>.elementor-widget-container>.elementor-spacer,.e-con>.elementor-widget-spacer>.elementor-widget-container,.e-con>.elementor-widget-spacer>.elementor-widget-container>.elementor-spacer{height:100%}.e-con-inner>.elementor-widget-spacer>.elementor-widget-container>.elementor-spacer>.elementor-spacer-inner,.e-con>.elementor-widget-spacer>.elementor-widget-container>.elementor-spacer>.elementor-spacer-inner{height:var(--container-widget-height,var(--spacer-size))}<\/style>\t\t<div class=\"elementor-spacer\">\n\t\t\t<div class=\"elementor-spacer-inner\"><\/div>\n\t\t<\/div>\n\t\t\t\t<\/div>\n\t\t\t\t<\/div>\n\t\t\t\t<div class=\"elementor-element elementor-element-603ada6 elementor-widget elementor-widget-heading\" data-id=\"603ada6\" data-element_type=\"widget\" data-widget_type=\"heading.default\">\n\t\t\t\t<div class=\"elementor-widget-container\">\n\t\t\t<h2 class=\"elementor-heading-title elementor-size-default\">Forma\u00e7\u00e3o-A\u00e7\u00e3o<\/h2>\t\t<\/div>\n\t\t\t\t<\/div>\n\t\t\t\t<div class=\"elementor-element elementor-element-14bd16e elementor-widget elementor-widget-text-editor\" data-id=\"14bd16e\" data-element_type=\"widget\" data-widget_type=\"text-editor.default\">\n\t\t\t\t<div class=\"elementor-widget-container\">\n\t\t\t<style>\/*! elementor - v3.11.1 - 15-02-2023 *\/\n.elementor-widget-text-editor.elementor-drop-cap-view-stacked .elementor-drop-cap{background-color:#818a91;color:#fff}.elementor-widget-text-editor.elementor-drop-cap-view-framed .elementor-drop-cap{color:#818a91;border:3px solid;background-color:transparent}.elementor-widget-text-editor:not(.elementor-drop-cap-view-default) .elementor-drop-cap{margin-top:8px}.elementor-widget-text-editor:not(.elementor-drop-cap-view-default) .elementor-drop-cap-letter{width:1em;height:1em}.elementor-widget-text-editor .elementor-drop-cap{float:left;text-align:center;line-height:1;font-size:50px}.elementor-widget-text-editor .elementor-drop-cap-letter{display:inline-block}<\/style>\t\t\t\t<p><span style=\"color: #555555; font-family: Asap, sans-serif; background-color: var(--ast-global-color-5); font-size: 1rem;\">O\u00a0Programa\u00a0Forma\u00e7\u00e3o-A\u00e7\u00e3o proporciona capacitar as PME, permitindo o\u00a0<\/span><span style=\"color: #555555; font-family: Asap, sans-serif; background-color: var(--ast-global-color-5); font-size: 1rem;\">envolvimento dos gestores, empres\u00e1rios e colaboradores na performance do seu contexto empresarial. Gerido e orientado pelas entidades promotoras, a\u00a0<\/span><span style=\"background-color: var(--ast-global-color-5); color: #555555; font-family: Asap, sans-serif; font-size: 1rem; font-style: inherit; font-weight: inherit;\">Forma\u00e7\u00e3o &#8211; A\u00e7\u00e3o permite melhorar a performance empresarial que articula a forma\u00e7\u00e3o em sala, a a\u00e7\u00e3o na empresa e a consultoria individualizada, com vista ao desenvolvimento de compet\u00eancias dos gestores e consequente aumento da competitividade das empresas\u00a0<\/span><span style=\"background-color: var(--ast-global-color-5); color: #555555; font-family: Asap, sans-serif;\">que resultam em mudan\u00e7as organizacionais mensur\u00e1veis, tornando-se mais eficientes e competitivas com trabalhadores mais aptos para a inova\u00e7\u00e3o e gest\u00e3o.<\/span><\/p>\t\t\t\t\t\t<\/div>\n\t\t\t\t<\/div>\n\t\t\t\t<div class=\"elementor-element elementor-element-811126c elementor-widget elementor-widget-heading\" data-id=\"811126c\" data-element_type=\"widget\" data-widget_type=\"heading.default\">\n\t\t\t\t<div class=\"elementor-widget-container\">\n\t\t\t<h2 class=\"elementor-heading-title elementor-size-default\">Tem\u00e1ticas de Interven\u00e7\u00e3o nas PME em Consultoria e Forma\u00e7\u00e3o<\/h2>\t\t<\/div>\n\t\t\t\t<\/div>\n\t\t\t\t\t<\/div>\n\t\t<\/div>\n\t\t\t\t\t\t\t<\/div>\n\t\t<\/section>\n\t\t\t\t<section class=\"elementor-section elementor-top-section elementor-element elementor-element-02bcd12 elementor-section-boxed elementor-section-height-default elementor-section-height-default\" data-id=\"02bcd12\" data-element_type=\"section\">\n\t\t\t\t\t\t<div class=\"elementor-container elementor-column-gap-default\">\n\t\t\t\t\t<div class=\"elementor-column elementor-col-50 elementor-top-column elementor-element elementor-element-aad6054\" data-id=\"aad6054\" data-element_type=\"column\">\n\t\t\t<div class=\"elementor-widget-wrap elementor-element-populated\">\n\t\t\t\t\t\t\t\t<div class=\"elementor-element elementor-element-0b73548 elementor-widget elementor-widget-image\" data-id=\"0b73548\" data-element_type=\"widget\" data-widget_type=\"image.default\">\n\t\t\t\t<div class=\"elementor-widget-container\">\n\t\t\t<style>\/*! elementor - v3.11.1 - 15-02-2023 *\/\n.elementor-widget-image{text-align:center}.elementor-widget-image a{display:inline-block}.elementor-widget-image a img[src$=\".svg\"]{width:48px}.elementor-widget-image img{vertical-align:middle;display:inline-block}<\/style>\t\t\t\t\t\t\t\t\t\t\t\t<img loading=\"lazy\" decoding=\"async\" width=\"768\" height=\"512\" src=\"https:\/\/rotadoazeitetrasosmontes.pt\/wp-content\/uploads\/2023\/02\/consulting-edp-businessman-3031678-768x512.jpg\" class=\"attachment-medium_large size-medium_large wp-image-1865\" alt=\"consulting, edp, businessman-3031678.jpg\" srcset=\"https:\/\/rotadoazeitetrasosmontes.pt\/wp-content\/uploads\/2023\/02\/consulting-edp-businessman-3031678-768x512.jpg 768w, https:\/\/rotadoazeitetrasosmontes.pt\/wp-content\/uploads\/2023\/02\/consulting-edp-businessman-3031678-300x200.jpg 300w, https:\/\/rotadoazeitetrasosmontes.pt\/wp-content\/uploads\/2023\/02\/consulting-edp-businessman-3031678-1024x682.jpg 1024w, https:\/\/rotadoazeitetrasosmontes.pt\/wp-content\/uploads\/2023\/02\/consulting-edp-businessman-3031678.jpg 1280w\" sizes=\"auto, (max-width: 768px) 100vw, 768px\" \/>\t\t\t\t\t\t\t\t\t\t\t\t\t\t\t<\/div>\n\t\t\t\t<\/div>\n\t\t\t\t\t<\/div>\n\t\t<\/div>\n\t\t\t\t<div class=\"elementor-column elementor-col-50 elementor-top-column elementor-element elementor-element-3e14dfc\" data-id=\"3e14dfc\" data-element_type=\"column\">\n\t\t\t<div class=\"elementor-widget-wrap elementor-element-populated\">\n\t\t\t\t\t\t\t\t<div class=\"elementor-element elementor-element-80bc786 elementor-widget elementor-widget-text-editor\" data-id=\"80bc786\" data-element_type=\"widget\" data-widget_type=\"text-editor.default\">\n\t\t\t\t<div class=\"elementor-widget-container\">\n\t\t\t\t\t\t\t<p style=\"margin: 0cm; background-image: initial; background-position: initial; background-size: initial; background-repeat: initial; background-attachment: initial; background-origin: initial; background-clip: initial;\"><strong><span style=\"font-family: Arial, sans-serif;\"><a href=\"https:\/\/www.digitalfundos.pt\/balcao\/ContasCorrentes\" target=\"_blank\" rel=\"noopener\">POCI-03-3560-FSE-000403<\/a><\/span><\/strong><\/p><p style=\"margin: 0cm; background-image: initial; background-position: initial; background-size: initial; background-repeat: initial; background-attachment: initial; background-origin: initial; background-clip: initial;\"><strong style=\"font-style: inherit; text-align: center; background-color: var(--ast-global-color-5); color: var(--ast-global-color-2);\"><span style=\"font-family: Arial, sans-serif;\">Tem\u00e1tica organiza\u00e7\u00e3o e\u00a0<\/span><\/strong><strong style=\"font-style: inherit; text-align: center; background-color: var(--ast-global-color-5); color: var(--ast-global-color-2);\"><span style=\"font-family: Arial, sans-serif;\">Gest\u00e3o (24 empresas)<\/span><\/strong><\/p><p style=\"margin: 0cm; background-image: initial; background-position: initial; background-size: initial; background-repeat: initial; background-attachment: initial; background-origin: initial; background-clip: initial;\"><span style=\"background-color: var(--ast-global-color-5); color: var(--ast-global-color-2); font-family: Arial, sans-serif; font-style: inherit; font-weight: inherit; text-align: center;\">Per\u00edodo de 2017 a 2019<\/span><\/p><p style=\"margin: 0cm; background-image: initial; background-position: initial; background-size: initial; background-repeat: initial; background-attachment: initial; background-origin: initial; background-clip: initial;\"><span class=\"il\" style=\"font-style: inherit; font-weight: inherit; text-align: center; background-color: var(--ast-global-color-5); color: var(--ast-global-color-2);\"><span style=\"font-family: Arial, sans-serif;\">A\u00e7\u00f5es<\/span><\/span><span style=\"font-style: inherit; font-weight: inherit; text-align: center; background-color: var(--ast-global-color-5); color: var(--ast-global-color-2); font-family: Arial, sans-serif;\">\u00a0conclu\u00eddas: 32<\/span><\/p><p style=\"margin: 0cm; background-image: initial; background-position: initial; background-size: initial; background-repeat: initial; background-attachment: initial; background-origin: initial; background-clip: initial;\"><span style=\"font-family: Arial, sans-serif; font-style: inherit; font-weight: inherit; text-align: center; background-color: var(--ast-global-color-5); color: var(--ast-global-color-2);\">Formandos em\u00a0<\/span><span class=\"il\" style=\"font-family: Arial, sans-serif; font-style: inherit; font-weight: inherit; text-align: center; background-color: var(--ast-global-color-5); color: var(--ast-global-color-2);\">Forma\u00e7\u00e3o<\/span><span style=\"font-family: Arial, sans-serif; font-style: inherit; font-weight: inherit; text-align: center; background-color: var(--ast-global-color-5); color: var(--ast-global-color-2);\">: 58<\/span><\/p><p style=\"margin: 0cm; background-image: initial; background-position: initial; background-size: initial; background-repeat: initial; background-attachment: initial; background-origin: initial; background-clip: initial;\"><span style=\"background-color: var(--ast-global-color-5); color: var(--ast-global-color-2); font-family: Arial, sans-serif; font-style: inherit; font-weight: inherit; text-align: center;\">Formandos em consultoria: 55<\/span><\/p><p style=\"margin: 0cm; background-image: initial; background-position: initial; background-size: initial; background-repeat: initial; background-attachment: initial; background-origin: initial; background-clip: initial;\"><span style=\"font-family: Arial, sans-serif; font-style: inherit; font-weight: inherit; text-align: center; background-color: var(--ast-global-color-5); color: var(--ast-global-color-2);\">Volume\u00a0<\/span><span class=\"il\" style=\"font-family: Arial, sans-serif; font-style: inherit; font-weight: inherit; text-align: center; background-color: var(--ast-global-color-5); color: var(--ast-global-color-2);\">forma\u00e7\u00e3o<\/span><span style=\"font-family: Arial, sans-serif; font-style: inherit; font-weight: inherit; text-align: center; background-color: var(--ast-global-color-5); color: var(--ast-global-color-2);\">: 4925<\/span><\/p><p style=\"margin: 0cm; background-image: initial; background-position: initial; background-size: initial; background-repeat: initial; background-attachment: initial; background-origin: initial; background-clip: initial;\"><span style=\"background-color: var(--ast-global-color-5); color: var(--ast-global-color-2); font-family: Arial, sans-serif; font-style: inherit; font-weight: inherit; text-align: center;\">Volume consultoria: 5488<\/span><\/p>\t\t\t\t\t\t<\/div>\n\t\t\t\t<\/div>\n\t\t\t\t<div class=\"elementor-element elementor-element-95839cb elementor-widget elementor-widget-text-editor\" data-id=\"95839cb\" data-element_type=\"widget\" data-widget_type=\"text-editor.default\">\n\t\t\t\t<div class=\"elementor-widget-container\">\n\t\t\t\t\t\t\t<p style=\"margin: 0cm; background-image: initial; background-position: initial; background-size: initial; background-repeat: initial; background-attachment: initial; background-origin: initial; background-clip: initial;\"><strong><span style=\"font-family: Arial, sans-serif;\"><a href=\"https:\/\/www.digitalfundos.pt\/balcao\/ContasCorrentes\" target=\"_blank\" rel=\"noopener\">POCI-03-3560-FSE-000609<\/a><\/span><\/strong><\/p><p style=\"margin: 0cm; background-image: initial; background-position: initial; background-size: initial; background-repeat: initial; background-attachment: initial; background-origin: initial; background-clip: initial;\"><strong><wbr \/><span style=\"font-family: Arial, sans-serif;\">Tem\u00e1ticas Economia digital e Gest\u00e3o da Inova\u00e7\u00e3o\u00a0 (10 empresas em cada tem\u00e1tica)<\/span><\/strong><\/p><p style=\"margin: 0cm; background-image: initial; background-position: initial; background-size: initial; background-repeat: initial; background-attachment: initial; background-origin: initial; background-clip: initial;\"><span style=\"font-family: Arial, sans-serif; font-style: inherit; font-weight: inherit; background-color: var(--ast-global-color-5); color: var(--ast-global-color-2);\">A decorrer, Per\u00edodo de 2020 a 2023<\/span><\/p><p style=\"margin: 0cm; background-image: initial; background-position: initial; background-size: initial; background-repeat: initial; background-attachment: initial; background-origin: initial; background-clip: initial;\"><span style=\"font-family: Arial, sans-serif;\">At\u00e9 ao momento:\u00a0A\u00e7\u00f5es conclu\u00eddas:6<\/span><\/p><p style=\"margin: 0cm; background-image: initial; background-position: initial; background-size: initial; background-repeat: initial; background-attachment: initial; background-origin: initial; background-clip: initial;\"><span class=\"il\"><span style=\"font-family: Arial, sans-serif;\">A\u00e7\u00f5es<\/span><\/span><span style=\"font-family: Arial, sans-serif;\">\u00a0em execu\u00e7\u00e3o: 7<\/span><\/p><p style=\"margin: 0cm; background-image: initial; background-position: initial; background-size: initial; background-repeat: initial; background-attachment: initial; background-origin: initial; background-clip: initial;\"><span style=\"font-family: Arial, sans-serif;\">Formandos em\u00a0<span class=\"il\">forma\u00e7\u00e3o<\/span>: 54<\/span><\/p><p style=\"margin: 0cm; background-image: initial; background-position: initial; background-size: initial; background-repeat: initial; background-attachment: initial; background-origin: initial; background-clip: initial;\"><span style=\"font-family: Arial, sans-serif;\">Formandos em consultoria: 48<\/span><\/p><p style=\"margin: 0cm; background-image: initial; background-position: initial; background-size: initial; background-repeat: initial; background-attachment: initial; background-origin: initial; background-clip: initial;\"><span style=\"font-family: Arial, sans-serif;\">Volume de\u00a0<span class=\"il\">forma\u00e7\u00e3o<\/span>: 4110<\/span><\/p><p style=\"margin: 0cm; background-image: initial; background-position: initial; background-size: initial; background-repeat: initial; background-attachment: initial; background-origin: initial; background-clip: initial;\"><span style=\"font-family: Arial, sans-serif; font-style: inherit; font-weight: inherit; background-color: var(--ast-global-color-5); color: var(--ast-global-color-2);\">Volume de consultoria: 439<\/span><\/p>\t\t\t\t\t\t<\/div>\n\t\t\t\t<\/div>\n\t\t\t\t\t<\/div>\n\t\t<\/div>\n\t\t\t\t\t\t\t<\/div>\n\t\t<\/section>\n\t\t\t\t\t\t\t<\/div>\n\t\t","protected":false},"excerpt":{"rendered":"<p>Forma\u00e7\u00e3o-A\u00e7\u00e3o Forma\u00e7\u00e3o-A\u00e7\u00e3o O\u00a0Programa\u00a0Forma\u00e7\u00e3o-A\u00e7\u00e3o proporciona capacitar as PME, permitindo o\u00a0envolvimento dos gestores, empres\u00e1rios e colaboradores na performance do seu contexto empresarial. Gerido e orientado pelas entidades promotoras, a\u00a0Forma\u00e7\u00e3o &#8211; A\u00e7\u00e3o permite melhorar a performance empresarial que articula a forma\u00e7\u00e3o em sala, a a\u00e7\u00e3o na empresa e a consultoria individualizada, com vista ao desenvolvimento de compet\u00eancias dos &hellip;<\/p>\n<p class=\"read-more\"> <a class=\"\" href=\"https:\/\/rotadoazeitetrasosmontes.pt\/?page_id=1906\"> <span class=\"screen-reader-text\">Forma\u00e7\u00e3o-a\u00e7\u00e3o<\/span> Read More &raquo;<\/a><\/p>\n","protected":false},"author":1,"featured_media":0,"parent":0,"menu_order":0,"comment_status":"closed","ping_status":"closed","template":"","meta":{"site-sidebar-layout":"no-sidebar","site-content-layout":"page-builder","ast-global-header-display":"","ast-main-header-display":"","ast-hfb-above-header-display":"","ast-hfb-below-header-display":"","ast-hfb-mobile-header-display":"","site-post-title":"disabled","ast-breadcrumbs-content":"","ast-featured-img":"disabled","footer-sml-layout":"","theme-transparent-header-meta":"","adv-header-id-meta":"","stick-header-meta":"","header-above-stick-meta":"","header-main-stick-meta":"","header-below-stick-meta":"","footnotes":""},"class_list":["post-1906","page","type-page","status-publish","hentry"],"_links":{"self":[{"href":"https:\/\/rotadoazeitetrasosmontes.pt\/index.php?rest_route=\/wp\/v2\/pages\/1906","targetHints":{"allow":["GET"]}}],"collection":[{"href":"https:\/\/rotadoazeitetrasosmontes.pt\/index.php?rest_route=\/wp\/v2\/pages"}],"about":[{"href":"https:\/\/rotadoazeitetrasosmontes.pt\/index.php?rest_route=\/wp\/v2\/types\/page"}],"author":[{"embeddable":true,"href":"https:\/\/rotadoazeitetrasosmontes.pt\/index.php?rest_route=\/wp\/v2\/users\/1"}],"replies":[{"embeddable":true,"href":"https:\/\/rotadoazeitetrasosmontes.pt\/index.php?rest_route=%2Fwp%2Fv2%2Fcomments&post=1906"}],"version-history":[{"count":106,"href":"https:\/\/rotadoazeitetrasosmontes.pt\/index.php?rest_route=\/wp\/v2\/pages\/1906\/revisions"}],"predecessor-version":[{"id":2243,"href":"https:\/\/rotadoazeitetrasosmontes.pt\/index.php?rest_route=\/wp\/v2\/pages\/1906\/revisions\/2243"}],"wp:attachment":[{"href":"https:\/\/rotadoazeitetrasosmontes.pt\/index.php?rest_route=%2Fwp%2Fv2%2Fmedia&parent=1906"}],"curies":[{"name":"wp","href":"https:\/\/api.w.org\/{rel}","templated":true}]}}