{"id":1842,"date":"2023-02-08T10:47:12","date_gmt":"2023-02-08T10:47:12","guid":{"rendered":"https:\/\/rotadoazeitetrasosmontes.pt\/?page_id=1842"},"modified":"2023-02-16T16:46:10","modified_gmt":"2023-02-16T16:46:10","slug":"formacao-modular-certificada","status":"publish","type":"page","link":"https:\/\/rotadoazeitetrasosmontes.pt\/?page_id=1842","title":{"rendered":"Forma\u00e7\u00e3o Modular Certificada"},"content":{"rendered":"\t\t<div data-elementor-type=\"wp-page\" data-elementor-id=\"1842\" class=\"elementor elementor-1842\">\n\t\t\t\t\t\t\t\t\t<section class=\"elementor-section elementor-top-section elementor-element elementor-element-265b812 elementor-section-height-min-height elementor-section-boxed elementor-section-height-default elementor-section-items-middle\" data-id=\"265b812\" data-element_type=\"section\" data-settings=\"{&quot;background_background&quot;:&quot;slideshow&quot;,&quot;background_slideshow_gallery&quot;:[{&quot;id&quot;:1580,&quot;url&quot;:&quot;https:\\\/\\\/rotadoazeitetrasosmontes.pt\\\/wp-content\\\/uploads\\\/2023\\\/01\\\/pexels-andrea-piacquadio-3760069-scaled.jpg&quot;}],&quot;background_slideshow_loop&quot;:&quot;yes&quot;,&quot;background_slideshow_slide_duration&quot;:5000,&quot;background_slideshow_slide_transition&quot;:&quot;fade&quot;,&quot;background_slideshow_transition_duration&quot;:500}\">\n\t\t\t\t\t\t<div class=\"elementor-container elementor-column-gap-default\">\n\t\t\t\t\t<div class=\"elementor-column elementor-col-100 elementor-top-column elementor-element elementor-element-6206835\" data-id=\"6206835\" data-element_type=\"column\">\n\t\t\t<div class=\"elementor-widget-wrap elementor-element-populated\">\n\t\t\t\t\t\t\t\t<div class=\"elementor-element elementor-element-edaf50a elementor-widget elementor-widget-heading\" data-id=\"edaf50a\" data-element_type=\"widget\" data-widget_type=\"heading.default\">\n\t\t\t\t<div class=\"elementor-widget-container\">\n\t\t\t<style>\/*! elementor - v3.11.1 - 15-02-2023 *\/\n.elementor-heading-title{padding:0;margin:0;line-height:1}.elementor-widget-heading .elementor-heading-title[class*=elementor-size-]>a{color:inherit;font-size:inherit;line-height:inherit}.elementor-widget-heading .elementor-heading-title.elementor-size-small{font-size:15px}.elementor-widget-heading .elementor-heading-title.elementor-size-medium{font-size:19px}.elementor-widget-heading .elementor-heading-title.elementor-size-large{font-size:29px}.elementor-widget-heading .elementor-heading-title.elementor-size-xl{font-size:39px}.elementor-widget-heading .elementor-heading-title.elementor-size-xxl{font-size:59px}<\/style><h2 class=\"elementor-heading-title elementor-size-default\">Forma\u00e7\u00e3o Modular Certificada<\/h2>\t\t<\/div>\n\t\t\t\t<\/div>\n\t\t\t\t\t<\/div>\n\t\t<\/div>\n\t\t\t\t\t\t\t<\/div>\n\t\t<\/section>\n\t\t\t\t<section class=\"elementor-section elementor-top-section elementor-element elementor-element-5063c14 elementor-section-boxed elementor-section-height-default elementor-section-height-default\" data-id=\"5063c14\" data-element_type=\"section\">\n\t\t\t\t\t\t<div class=\"elementor-container elementor-column-gap-default\">\n\t\t\t\t\t<div class=\"elementor-column elementor-col-100 elementor-top-column elementor-element elementor-element-36b96e5\" data-id=\"36b96e5\" data-element_type=\"column\">\n\t\t\t<div class=\"elementor-widget-wrap elementor-element-populated\">\n\t\t\t\t\t\t\t\t<div class=\"elementor-element elementor-element-d162aab elementor-widget elementor-widget-heading\" data-id=\"d162aab\" data-element_type=\"widget\" data-widget_type=\"heading.default\">\n\t\t\t\t<div class=\"elementor-widget-container\">\n\t\t\t<h2 class=\"elementor-heading-title elementor-size-default\">Forma\u00e7\u00e3o Modular Certificada<\/h2>\t\t<\/div>\n\t\t\t\t<\/div>\n\t\t\t\t\t<\/div>\n\t\t<\/div>\n\t\t\t\t\t\t\t<\/div>\n\t\t<\/section>\n\t\t\t\t<section class=\"elementor-section elementor-top-section elementor-element elementor-element-320a58b elementor-section-boxed elementor-section-height-default elementor-section-height-default\" data-id=\"320a58b\" data-element_type=\"section\">\n\t\t\t\t\t\t<div class=\"elementor-container elementor-column-gap-default\">\n\t\t\t\t\t<div class=\"elementor-column elementor-col-100 elementor-top-column elementor-element elementor-element-08e061d\" data-id=\"08e061d\" data-element_type=\"column\">\n\t\t\t<div class=\"elementor-widget-wrap elementor-element-populated\">\n\t\t\t\t\t\t\t\t<div class=\"elementor-element elementor-element-61dfedf elementor-widget elementor-widget-text-editor\" data-id=\"61dfedf\" data-element_type=\"widget\" data-widget_type=\"text-editor.default\">\n\t\t\t\t<div class=\"elementor-widget-container\">\n\t\t\t<style>\/*! elementor - v3.11.1 - 15-02-2023 *\/\n.elementor-widget-text-editor.elementor-drop-cap-view-stacked .elementor-drop-cap{background-color:#818a91;color:#fff}.elementor-widget-text-editor.elementor-drop-cap-view-framed .elementor-drop-cap{color:#818a91;border:3px solid;background-color:transparent}.elementor-widget-text-editor:not(.elementor-drop-cap-view-default) .elementor-drop-cap{margin-top:8px}.elementor-widget-text-editor:not(.elementor-drop-cap-view-default) .elementor-drop-cap-letter{width:1em;height:1em}.elementor-widget-text-editor .elementor-drop-cap{float:left;text-align:center;line-height:1;font-size:50px}.elementor-widget-text-editor .elementor-drop-cap-letter{display:inline-block}<\/style>\t\t\t\t<p><span style=\"color: #4c4c4c; font-family: Manuale-Medium, serif; font-size: 21px; background-color: var(--ast-global-color-5);\">As Forma\u00e7\u00f5es Modulares Certificadas destinam-se a adultos com idade igual ou superior a 18 anos, sem a qualifica\u00e7\u00e3o adequada para efeitos de inser\u00e7\u00e3o ou progress\u00e3o no mercado de trabalho e, prioritariamente, sem a conclus\u00e3o do ensino b\u00e1sico ou secund\u00e1rio<\/span><span style=\"background-color: var(--ast-global-color-5); color: #4c4c4c; font-family: Manuale-Medium, serif; font-size: 21px; font-style: inherit; font-weight: inherit;\">.<\/span><\/p><p><span style=\"background-color: var(--ast-global-color-5); color: #4c4c4c; font-family: Manuale-Medium, serif; font-size: 21px; font-style: inherit; font-weight: inherit;\">\u00a0<\/span><\/p>\t\t\t\t\t\t<\/div>\n\t\t\t\t<\/div>\n\t\t\t\t<div class=\"elementor-element elementor-element-65da2e0 elementor-widget elementor-widget-heading\" data-id=\"65da2e0\" data-element_type=\"widget\" data-widget_type=\"heading.default\">\n\t\t\t\t<div class=\"elementor-widget-container\">\n\t\t\t<h2 class=\"elementor-heading-title elementor-size-default\"><h2 data-elementor-setting-key=\"title\" data-pen-placeholder=\"Digite aqui...\" style=\"font-style: normal; margin-bottom: 0px; color: rgb(18, 35, 4); white-space: normal;\">\u00c1reas de Forma\u00e7\u00e3o:<\/h2><div><br><\/div><\/h2>\t\t<\/div>\n\t\t\t\t<\/div>\n\t\t\t\t\t<\/div>\n\t\t<\/div>\n\t\t\t\t\t\t\t<\/div>\n\t\t<\/section>\n\t\t\t\t<section class=\"elementor-section elementor-top-section elementor-element elementor-element-c29fa13 elementor-section-boxed elementor-section-height-default elementor-section-height-default\" data-id=\"c29fa13\" data-element_type=\"section\">\n\t\t\t\t\t\t<div class=\"elementor-container elementor-column-gap-default\">\n\t\t\t\t\t<div class=\"elementor-column elementor-col-50 elementor-top-column elementor-element elementor-element-0678ab5\" data-id=\"0678ab5\" data-element_type=\"column\">\n\t\t\t<div class=\"elementor-widget-wrap elementor-element-populated\">\n\t\t\t\t\t\t\t\t<div class=\"elementor-element elementor-element-6fcd30f elementor-widget elementor-widget-image\" data-id=\"6fcd30f\" data-element_type=\"widget\" data-widget_type=\"image.default\">\n\t\t\t\t<div class=\"elementor-widget-container\">\n\t\t\t<style>\/*! elementor - v3.11.1 - 15-02-2023 *\/\n.elementor-widget-image{text-align:center}.elementor-widget-image a{display:inline-block}.elementor-widget-image a img[src$=\".svg\"]{width:48px}.elementor-widget-image img{vertical-align:middle;display:inline-block}<\/style>\t\t\t\t\t\t\t\t\t\t\t\t<img loading=\"lazy\" decoding=\"async\" width=\"768\" height=\"768\" src=\"https:\/\/rotadoazeitetrasosmontes.pt\/wp-content\/uploads\/2023\/01\/323880621_685943706342607_5177942484813559513_n-768x768.jpg\" class=\"attachment-medium_large size-medium_large wp-image-1742\" alt=\"\" srcset=\"https:\/\/rotadoazeitetrasosmontes.pt\/wp-content\/uploads\/2023\/01\/323880621_685943706342607_5177942484813559513_n-768x768.jpg 768w, https:\/\/rotadoazeitetrasosmontes.pt\/wp-content\/uploads\/2023\/01\/323880621_685943706342607_5177942484813559513_n-300x300.jpg 300w, https:\/\/rotadoazeitetrasosmontes.pt\/wp-content\/uploads\/2023\/01\/323880621_685943706342607_5177942484813559513_n-1024x1024.jpg 1024w, https:\/\/rotadoazeitetrasosmontes.pt\/wp-content\/uploads\/2023\/01\/323880621_685943706342607_5177942484813559513_n-150x150.jpg 150w, https:\/\/rotadoazeitetrasosmontes.pt\/wp-content\/uploads\/2023\/01\/323880621_685943706342607_5177942484813559513_n.jpg 1080w\" sizes=\"auto, (max-width: 768px) 100vw, 768px\" \/>\t\t\t\t\t\t\t\t\t\t\t\t\t\t\t<\/div>\n\t\t\t\t<\/div>\n\t\t\t\t\t<\/div>\n\t\t<\/div>\n\t\t\t\t<div class=\"elementor-column elementor-col-50 elementor-top-column elementor-element elementor-element-79bb007\" data-id=\"79bb007\" data-element_type=\"column\">\n\t\t\t<div class=\"elementor-widget-wrap elementor-element-populated\">\n\t\t\t\t\t\t\t\t<div class=\"elementor-element elementor-element-fe15d5d elementor-widget elementor-widget-text-editor\" data-id=\"fe15d5d\" data-element_type=\"widget\" data-widget_type=\"text-editor.default\">\n\t\t\t\t<div class=\"elementor-widget-container\">\n\t\t\t\t\t\t\t<p>215 &#8211; Artesanato<\/p><p><span style=\"font-style: inherit; font-weight: inherit; background-color: var(--ast-global-color-5); color: var(--ast-global-color-2);\">341 &#8211; Com\u00e9rcio<\/span><\/p><p>342 &#8211; Marketing e publicidade<\/p><p>481 &#8211; Ci\u00eancias inform\u00e1ticas<\/p><p>621 &#8211; Produ\u00e7\u00e3o agr\u00edcola e animal<\/p><p>729 &#8211; Sa\u00fade \u2013 Programas n\u00e3o classificados noutra \u00e1rea de forma\u00e7\u00e3o<\/p><p>761 &#8211; Servi\u00e7os de apoio a crian\u00e7as e jovens<\/p><p>762 &#8211; Trabalho social e orienta\u00e7\u00e3o<\/p><p>811 &#8211; Hotelaria e restaura\u00e7\u00e3o<\/p><p>813 &#8211; Desporto<\/p><p>862 &#8211; Seguran\u00e7a e higiene no trabalho<\/p>\t\t\t\t\t\t<\/div>\n\t\t\t\t<\/div>\n\t\t\t\t<div class=\"elementor-element elementor-element-44093dd elementor-widget elementor-widget-text-editor\" data-id=\"44093dd\" data-element_type=\"widget\" data-widget_type=\"text-editor.default\">\n\t\t\t\t<div class=\"elementor-widget-container\">\n\t\t\t\t\t\t\t\t\t\t\t\t\t<\/div>\n\t\t\t\t<\/div>\n\t\t\t\t\t<\/div>\n\t\t<\/div>\n\t\t\t\t\t\t\t<\/div>\n\t\t<\/section>\n\t\t\t\t\t\t\t<\/div>\n\t\t","protected":false},"excerpt":{"rendered":"<p>Forma\u00e7\u00e3o Modular Certificada Forma\u00e7\u00e3o Modular Certificada As Forma\u00e7\u00f5es Modulares Certificadas destinam-se a adultos com idade igual ou superior a 18 anos, sem a qualifica\u00e7\u00e3o adequada para efeitos de inser\u00e7\u00e3o ou progress\u00e3o no mercado de trabalho e, prioritariamente, sem a conclus\u00e3o do ensino b\u00e1sico ou secund\u00e1rio. \u00a0 \u00c1reas de Forma\u00e7\u00e3o: 215 &#8211; Artesanato 341 &#8211; Com\u00e9rcio &hellip;<\/p>\n<p class=\"read-more\"> <a class=\"\" href=\"https:\/\/rotadoazeitetrasosmontes.pt\/?page_id=1842\"> <span class=\"screen-reader-text\">Forma\u00e7\u00e3o Modular Certificada<\/span> Read More &raquo;<\/a><\/p>\n","protected":false},"author":1,"featured_media":0,"parent":0,"menu_order":0,"comment_status":"closed","ping_status":"closed","template":"","meta":{"site-sidebar-layout":"no-sidebar","site-content-layout":"page-builder","ast-global-header-display":"","ast-main-header-display":"","ast-hfb-above-header-display":"","ast-hfb-below-header-display":"","ast-hfb-mobile-header-display":"","site-post-title":"disabled","ast-breadcrumbs-content":"","ast-featured-img":"disabled","footer-sml-layout":"","theme-transparent-header-meta":"","adv-header-id-meta":"","stick-header-meta":"","header-above-stick-meta":"","header-main-stick-meta":"","header-below-stick-meta":"","footnotes":""},"class_list":["post-1842","page","type-page","status-publish","hentry"],"_links":{"self":[{"href":"https:\/\/rotadoazeitetrasosmontes.pt\/index.php?rest_route=\/wp\/v2\/pages\/1842","targetHints":{"allow":["GET"]}}],"collection":[{"href":"https:\/\/rotadoazeitetrasosmontes.pt\/index.php?rest_route=\/wp\/v2\/pages"}],"about":[{"href":"https:\/\/rotadoazeitetrasosmontes.pt\/index.php?rest_route=\/wp\/v2\/types\/page"}],"author":[{"embeddable":true,"href":"https:\/\/rotadoazeitetrasosmontes.pt\/index.php?rest_route=\/wp\/v2\/users\/1"}],"replies":[{"embeddable":true,"href":"https:\/\/rotadoazeitetrasosmontes.pt\/index.php?rest_route=%2Fwp%2Fv2%2Fcomments&post=1842"}],"version-history":[{"count":47,"href":"https:\/\/rotadoazeitetrasosmontes.pt\/index.php?rest_route=\/wp\/v2\/pages\/1842\/revisions"}],"predecessor-version":[{"id":2237,"href":"https:\/\/rotadoazeitetrasosmontes.pt\/index.php?rest_route=\/wp\/v2\/pages\/1842\/revisions\/2237"}],"wp:attachment":[{"href":"https:\/\/rotadoazeitetrasosmontes.pt\/index.php?rest_route=%2Fwp%2Fv2%2Fmedia&parent=1842"}],"curies":[{"name":"wp","href":"https:\/\/api.w.org\/{rel}","templated":true}]}}