{"id":1727,"date":"2023-01-25T03:15:48","date_gmt":"2023-01-25T03:15:48","guid":{"rendered":"https:\/\/rotadoazeitetrasosmontes.pt\/?page_id=1727"},"modified":"2023-02-15T00:25:09","modified_gmt":"2023-02-15T00:25:09","slug":"estatutos","status":"publish","type":"page","link":"https:\/\/rotadoazeitetrasosmontes.pt\/?page_id=1727","title":{"rendered":"Estatutos"},"content":{"rendered":"\t\t<div data-elementor-type=\"wp-page\" data-elementor-id=\"1727\" class=\"elementor elementor-1727\">\n\t\t\t\t\t\t\t\t\t<section class=\"elementor-section elementor-top-section elementor-element elementor-element-7488930 elementor-section-height-min-height elementor-section-boxed elementor-section-height-default elementor-section-items-middle\" data-id=\"7488930\" data-element_type=\"section\" data-settings=\"{&quot;background_background&quot;:&quot;classic&quot;}\">\n\t\t\t\t\t\t<div class=\"elementor-container elementor-column-gap-custom\">\n\t\t\t\t\t<div class=\"elementor-column elementor-col-100 elementor-top-column elementor-element elementor-element-f0b3bbe\" data-id=\"f0b3bbe\" data-element_type=\"column\">\n\t\t\t<div class=\"elementor-widget-wrap elementor-element-populated\">\n\t\t\t\t\t\t\t\t<div class=\"elementor-element elementor-element-5ee4122 elementor-widget elementor-widget-heading\" data-id=\"5ee4122\" data-element_type=\"widget\" data-widget_type=\"heading.default\">\n\t\t\t\t<div class=\"elementor-widget-container\">\n\t\t\t<style>\/*! elementor - v3.11.1 - 15-02-2023 *\/\n.elementor-heading-title{padding:0;margin:0;line-height:1}.elementor-widget-heading .elementor-heading-title[class*=elementor-size-]>a{color:inherit;font-size:inherit;line-height:inherit}.elementor-widget-heading .elementor-heading-title.elementor-size-small{font-size:15px}.elementor-widget-heading .elementor-heading-title.elementor-size-medium{font-size:19px}.elementor-widget-heading .elementor-heading-title.elementor-size-large{font-size:29px}.elementor-widget-heading .elementor-heading-title.elementor-size-xl{font-size:39px}.elementor-widget-heading .elementor-heading-title.elementor-size-xxl{font-size:59px}<\/style><h2 class=\"elementor-heading-title elementor-size-default\">Estatutos<\/h2>\t\t<\/div>\n\t\t\t\t<\/div>\n\t\t\t\t\t<\/div>\n\t\t<\/div>\n\t\t\t\t\t\t\t<\/div>\n\t\t<\/section>\n\t\t\t\t<section class=\"elementor-section elementor-top-section elementor-element elementor-element-ce7453e elementor-section-boxed elementor-section-height-default elementor-section-height-default\" data-id=\"ce7453e\" data-element_type=\"section\">\n\t\t\t\t\t\t<div class=\"elementor-container elementor-column-gap-default\">\n\t\t\t\t\t<div class=\"elementor-column elementor-col-100 elementor-top-column elementor-element elementor-element-8f77394\" data-id=\"8f77394\" data-element_type=\"column\">\n\t\t\t<div class=\"elementor-widget-wrap elementor-element-populated\">\n\t\t\t\t\t\t\t\t<div class=\"elementor-element elementor-element-9685688 elementor-widget elementor-widget-spacer\" data-id=\"9685688\" data-element_type=\"widget\" data-widget_type=\"spacer.default\">\n\t\t\t\t<div class=\"elementor-widget-container\">\n\t\t\t<style>\/*! elementor - v3.11.1 - 15-02-2023 *\/\n.elementor-column .elementor-spacer-inner{height:var(--spacer-size)}.e-con{--container-widget-width:100%}.e-con-inner>.elementor-widget-spacer,.e-con>.elementor-widget-spacer{width:var(--container-widget-width,var(--spacer-size));--align-self:var(--container-widget-align-self,initial);--flex-shrink:0}.e-con-inner>.elementor-widget-spacer>.elementor-widget-container,.e-con-inner>.elementor-widget-spacer>.elementor-widget-container>.elementor-spacer,.e-con>.elementor-widget-spacer>.elementor-widget-container,.e-con>.elementor-widget-spacer>.elementor-widget-container>.elementor-spacer{height:100%}.e-con-inner>.elementor-widget-spacer>.elementor-widget-container>.elementor-spacer>.elementor-spacer-inner,.e-con>.elementor-widget-spacer>.elementor-widget-container>.elementor-spacer>.elementor-spacer-inner{height:var(--container-widget-height,var(--spacer-size))}<\/style>\t\t<div class=\"elementor-spacer\">\n\t\t\t<div class=\"elementor-spacer-inner\"><\/div>\n\t\t<\/div>\n\t\t\t\t<\/div>\n\t\t\t\t<\/div>\n\t\t\t\t<div class=\"elementor-element elementor-element-6e446de elementor-widget elementor-widget-heading\" data-id=\"6e446de\" data-element_type=\"widget\" data-widget_type=\"heading.default\">\n\t\t\t\t<div class=\"elementor-widget-container\">\n\t\t\t<h2 class=\"elementor-heading-title elementor-size-default\">Estatutos da Associa\u00e7\u00e3o de Desenvolvimento da Rota do Azeite de Tr\u00e1s-os-Montes<\/h2>\t\t<\/div>\n\t\t\t\t<\/div>\n\t\t\t\t\t<\/div>\n\t\t<\/div>\n\t\t\t\t\t\t\t<\/div>\n\t\t<\/section>\n\t\t\t\t<section class=\"elementor-section elementor-top-section elementor-element elementor-element-703be6f elementor-section-boxed elementor-section-height-default elementor-section-height-default\" data-id=\"703be6f\" data-element_type=\"section\">\n\t\t\t\t\t\t<div class=\"elementor-container elementor-column-gap-default\">\n\t\t\t\t\t<div class=\"elementor-column elementor-col-100 elementor-top-column elementor-element elementor-element-c81627d\" data-id=\"c81627d\" data-element_type=\"column\">\n\t\t\t<div class=\"elementor-widget-wrap elementor-element-populated\">\n\t\t\t\t\t\t\t\t<div class=\"elementor-element elementor-element-12587cc elementor-widget elementor-widget-shortcode\" data-id=\"12587cc\" data-element_type=\"widget\" data-widget_type=\"shortcode.default\">\n\t\t\t\t<div class=\"elementor-widget-container\">\n\t\t\t\t\t<div class=\"elementor-shortcode\">\t\t<style>\r\n            #h5vp69dff9b8321df iframe {  width: 100%; }        <\/style>\r\n        \t    <div id=\"h5vp69dff9b8321df\" class=\"pdfp_wrapper\">\r\n                        <div class=\"cta_wrapper\">\r\n                \t            <p><a class=\"fullscreenBtn\" href=\"https:\/\/rotadoazeitetrasosmontes.pt\/wp-content\/plugins\/pdf-poster\/pdfjs\/web\/viewer.html?file=https:\/\/rotadoazeitetrasosmontes.pt\/wp-content\/uploads\/2023\/02\/estatutos_compressed.pdf&#038;download=true&#038;print=&#038;openfile=false\"><button>View Fullscreen<\/button><\/a><\/p>\r\n            <\/div>\r\n            <div class=\"iframe_wrapper\">\r\n                <iframe loading=\"lazy\" width=\"100%\" height=\"842px\" src=\"https:\/\/rotadoazeitetrasosmontes.pt\/wp-content\/plugins\/pdf-poster\/pdfjs\/web\/viewer.html?file=https:\/\/rotadoazeitetrasosmontes.pt\/wp-content\/uploads\/2023\/02\/estatutos_compressed.pdf&#038;download=true&#038;print=&#038;openfile=false\"><\/iframe>\r\n            <\/div>\r\n\t    <\/div>\r\n        <\/div>\n\t\t\t\t<\/div>\n\t\t\t\t<\/div>\n\t\t\t\t\t<\/div>\n\t\t<\/div>\n\t\t\t\t\t\t\t<\/div>\n\t\t<\/section>\n\t\t\t\t\t\t\t<\/div>\n\t\t","protected":false},"excerpt":{"rendered":"<p>Estatutos Estatutos da Associa\u00e7\u00e3o de Desenvolvimento da Rota do Azeite de Tr\u00e1s-os-Montes<\/p>\n","protected":false},"author":1,"featured_media":0,"parent":0,"menu_order":0,"comment_status":"closed","ping_status":"closed","template":"","meta":{"site-sidebar-layout":"no-sidebar","site-content-layout":"page-builder","ast-global-header-display":"","ast-main-header-display":"","ast-hfb-above-header-display":"","ast-hfb-below-header-display":"","ast-hfb-mobile-header-display":"","site-post-title":"disabled","ast-breadcrumbs-content":"","ast-featured-img":"","footer-sml-layout":"","theme-transparent-header-meta":"","adv-header-id-meta":"","stick-header-meta":"","header-above-stick-meta":"","header-main-stick-meta":"","header-below-stick-meta":"","footnotes":""},"class_list":["post-1727","page","type-page","status-publish","hentry"],"_links":{"self":[{"href":"https:\/\/rotadoazeitetrasosmontes.pt\/index.php?rest_route=\/wp\/v2\/pages\/1727","targetHints":{"allow":["GET"]}}],"collection":[{"href":"https:\/\/rotadoazeitetrasosmontes.pt\/index.php?rest_route=\/wp\/v2\/pages"}],"about":[{"href":"https:\/\/rotadoazeitetrasosmontes.pt\/index.php?rest_route=\/wp\/v2\/types\/page"}],"author":[{"embeddable":true,"href":"https:\/\/rotadoazeitetrasosmontes.pt\/index.php?rest_route=\/wp\/v2\/users\/1"}],"replies":[{"embeddable":true,"href":"https:\/\/rotadoazeitetrasosmontes.pt\/index.php?rest_route=%2Fwp%2Fv2%2Fcomments&post=1727"}],"version-history":[{"count":38,"href":"https:\/\/rotadoazeitetrasosmontes.pt\/index.php?rest_route=\/wp\/v2\/pages\/1727\/revisions"}],"predecessor-version":[{"id":2119,"href":"https:\/\/rotadoazeitetrasosmontes.pt\/index.php?rest_route=\/wp\/v2\/pages\/1727\/revisions\/2119"}],"wp:attachment":[{"href":"https:\/\/rotadoazeitetrasosmontes.pt\/index.php?rest_route=%2Fwp%2Fv2%2Fmedia&parent=1727"}],"curies":[{"name":"wp","href":"https:\/\/api.w.org\/{rel}","templated":true}]}}