{"id":1445,"date":"2023-01-23T14:49:41","date_gmt":"2023-01-23T14:49:41","guid":{"rendered":"https:\/\/rotadoazeitetrasosmontes.pt\/?page_id=1445"},"modified":"2023-01-29T16:39:04","modified_gmt":"2023-01-29T16:39:04","slug":"politica-de-cookies","status":"publish","type":"page","link":"https:\/\/rotadoazeitetrasosmontes.pt\/?page_id=1445","title":{"rendered":"Pol\u00edtica de cookies"},"content":{"rendered":"\t\t<div data-elementor-type=\"wp-page\" data-elementor-id=\"1445\" class=\"elementor elementor-1445\">\n\t\t\t\t\t\t\t\t\t<section class=\"elementor-section elementor-top-section elementor-element elementor-element-91a8320 elementor-section-boxed elementor-section-height-default elementor-section-height-default\" data-id=\"91a8320\" data-element_type=\"section\">\n\t\t\t\t\t\t<div class=\"elementor-container elementor-column-gap-default\">\n\t\t\t\t\t<div class=\"elementor-column elementor-col-100 elementor-top-column elementor-element elementor-element-b62cae9\" data-id=\"b62cae9\" data-element_type=\"column\">\n\t\t\t<div class=\"elementor-widget-wrap elementor-element-populated\">\n\t\t\t\t\t\t\t\t<div class=\"elementor-element elementor-element-6a4d53d elementor-widget elementor-widget-text-editor\" data-id=\"6a4d53d\" data-element_type=\"widget\" data-widget_type=\"text-editor.default\">\n\t\t\t\t<div class=\"elementor-widget-container\">\n\t\t\t<style>\/*! elementor - v3.11.1 - 15-02-2023 *\/\n.elementor-widget-text-editor.elementor-drop-cap-view-stacked .elementor-drop-cap{background-color:#818a91;color:#fff}.elementor-widget-text-editor.elementor-drop-cap-view-framed .elementor-drop-cap{color:#818a91;border:3px solid;background-color:transparent}.elementor-widget-text-editor:not(.elementor-drop-cap-view-default) .elementor-drop-cap{margin-top:8px}.elementor-widget-text-editor:not(.elementor-drop-cap-view-default) .elementor-drop-cap-letter{width:1em;height:1em}.elementor-widget-text-editor .elementor-drop-cap{float:left;text-align:center;line-height:1;font-size:50px}.elementor-widget-text-editor .elementor-drop-cap-letter{display:inline-block}<\/style>\t\t\t\t\t\t\t\t\t\t<\/div>\n\t\t\t\t<\/div>\n\t\t\t\t\t<\/div>\n\t\t<\/div>\n\t\t\t\t\t\t\t<\/div>\n\t\t<\/section>\n\t\t\t\t<section class=\"elementor-section elementor-top-section elementor-element elementor-element-4bcadb4 elementor-section-boxed elementor-section-height-default elementor-section-height-default\" data-id=\"4bcadb4\" data-element_type=\"section\">\n\t\t\t\t\t\t<div class=\"elementor-container elementor-column-gap-default\">\n\t\t\t\t\t<div class=\"elementor-column elementor-col-100 elementor-top-column elementor-element elementor-element-01e2d2e\" data-id=\"01e2d2e\" data-element_type=\"column\">\n\t\t\t<div class=\"elementor-widget-wrap elementor-element-populated\">\n\t\t\t\t\t\t\t\t<div class=\"elementor-element elementor-element-a9e543a elementor-widget elementor-widget-text-editor\" data-id=\"a9e543a\" data-element_type=\"widget\" data-widget_type=\"text-editor.default\">\n\t\t\t\t<div class=\"elementor-widget-container\">\n\t\t\t\t\t\t\t<p><strong>Pol\u00edtica de Cookies<\/strong><\/p>\n<p><\/p>\n<p>Utilizamos cookies para assegurar uma melhor experi\u00eancia de utiliza\u00e7\u00e3o e tamb\u00e9m cookies de terceiros, como Google e Facebook, para medi\u00e7\u00e3o e an\u00e1lise de tr\u00e1fego. Estes cookies podem armazenar alguma informa\u00e7\u00e3o que permita identificar um visitante do website. O visitante pode, no entanto, configurar o seu programa de navega\u00e7\u00e3o na Internet para n\u00e3o aceitar cookies, caso o pretenda. Adicionalmente os logs do servidor web podem registar informa\u00e7\u00e3o do visitante como o browser, sistema operativo, dispositivo incluindo marca, modelo e vers\u00e3o, origem da visita (referrer), data\/hora de acesso, endere\u00e7o IP, fornecedor de servi\u00e7o Internet e zona geogr\u00e1fica de acesso. Esta informa\u00e7\u00e3o \u00e9 usada para fins estat\u00edsticos e de melhoria de experi\u00eancia de utiliza\u00e7\u00e3o do website.<\/p>\n<p><strong>&nbsp;<\/strong><strong style=\"font-style: inherit; background-color: var(--ast-global-color-5); color: var(--ast-global-color-2);\">O que s\u00e3o cookies?<\/strong><\/p>\n<p>Os cookies s\u00e3o pequenos ficheiros de texto enviados para o seu computador ou dispositivo m\u00f3vel quando visita websites. Os cookies ajudam os websites a armazenar e recuperar informa\u00e7\u00e3o sobre os seus h\u00e1bitos de navega\u00e7\u00e3o por forma a personalizar a navega\u00e7\u00e3o de acordo com as suas prefer\u00eancias.<\/p>\n<p><\/p>\n<p><strong>Tipos de cookies<\/strong><\/p>\n<ul>\n<li><strong>Cookies de Prefer\u00eancias<\/strong><\/li>\n<\/ul>\n<p>Estes cookies permitem que os websites memorizem informa\u00e7\u00f5es que alteram o comportamento e o aspeto do website, como o seu idioma preferido ou a regi\u00e3o onde se encontra. Por exemplo, ao memorizar a sua regi\u00e3o, um website pode fornecer-lhe informa\u00e7\u00f5es locais sobre o tempo ou o tr\u00e2nsito. Estes cookies tamb\u00e9m o podem ajudar a alterar o tamanho do texto, o tipo de letra e outras partes personaliz\u00e1veis de p\u00e1ginas web. A perda das informa\u00e7\u00f5es armazenadas num cookie de prefer\u00eancia pode tornar a experi\u00eancia do website menos funcional, mas n\u00e3o dever\u00e1 impedir o seu funcionamento.<\/p>\n<p><\/p>\n<ul>\n<li><strong>Cookies de Seguran\u00e7a<\/strong><\/li>\n<\/ul>\n<p>Os cookies de seguran\u00e7a s\u00e3o utilizados para autenticar utilizadores e evitar a utiliza\u00e7\u00e3o fraudulenta de credenciais de in\u00edcio de sess\u00e3o e proteger dados de pessoas n\u00e3o autorizadas. Por exemplo, permite bloquear muitos tipos de ataque, como tentativas de roubo do conte\u00fado de formul\u00e1rios que preenche em p\u00e1ginas web.<\/p>\n<p><\/p>\n<ul>\n<li><strong>Cookies de Processos<\/strong><\/li>\n<\/ul>\n<p>Os cookies de processo ajudam o website a funcionar e a disponibilizar servi\u00e7os que o visitante do website espera, como navegar em p\u00e1ginas web ou aceder a \u00e1reas seguras do website. Sem estes cookies, o website n\u00e3o consegue funcionar corretamente.<\/p>\n<p><\/p>\n<ul>\n<li><strong>Cookies de Publicidade<\/strong><\/li>\n<\/ul>\n<p>Estes cookies t\u00eam como finalidade tornar a publicidade mais envolvente para os utilizadores e mais valiosa para publicadores e anunciantes. Algumas aplica\u00e7\u00f5es comuns de cookies visam selecionar publicidade com base no que \u00e9 relevante para o utilizador, para melhorar os relat\u00f3rios sobre desempenho de campanhas e evitar mostrar an\u00fancios que o utilizador j\u00e1 viu.<\/p>\n<p><\/p>\n<ul>\n<li><strong>Cookies de Estado da Sess\u00e3o<\/strong><\/li>\n<\/ul>\n<p>Os websites recolhem muitas vezes informa\u00e7\u00f5es sobre a forma como os utilizadores interagem com uma determinada p\u00e1gina web. Isso pode incluir as p\u00e1ginas que os utilizadores visitam com mais frequ\u00eancia e se os utilizadores recebem mensagens de erro de determinadas p\u00e1ginas. Os chamados &#8220;cookies de estado da sess\u00e3o ajudam a melhorar os servi\u00e7os das empresas, de forma a melhorar a experi\u00eancia de navega\u00e7\u00e3o dos nossos utilizadores. Bloquear ou eliminar estes cookies n\u00e3o torna o website inutiliz\u00e1vel.<\/p>\n<p><\/p>\n<ul>\n<li><strong>Cookies de An\u00e1lise<\/strong><\/li>\n<\/ul>\n<p>Estes cookies ajudam os propriet\u00e1rios de websites e de aplica\u00e7\u00f5es a entender o envolvimento dos seus visitantes com as suas p\u00e1ginas web. Estes podem utilizar um conjunto de cookies para recolher informa\u00e7\u00f5es e reportar estat\u00edsticas de utiliza\u00e7\u00e3o dos websites sem identificar pessoalmente os visitantes individuais.<\/p>\n<p><\/p>\n<p><strong>Como gerir os cookies<\/strong><\/p>\n<p>Na maioria dos navegadores de Internet (browsers) estes cookies podem ser facilmente removidos ou recusados. Poder\u00e1 alterar as suas permiss\u00f5es ao selecionar as defini\u00e7\u00f5es pretendidas no navegador. Entrar\u00e1 tamb\u00e9m mais detalhes sobre estes procedimentos na se\u00e7\u00e3o de ajuda do respetivo navegador.<\/p>\n<p><\/p>\n<p><strong>Altera\u00e7\u00f5es<\/strong><\/p>\n<p>Podemos atualizar esta Pol\u00edtica de Cookies pontualmente, para que reflita, por exemplo, altera\u00e7\u00f5es nas nossas pr\u00e1ticas ou por outras raz\u00f5es operacionais, legais ou regulat\u00f3rias.<\/p>\n<p><\/p>\n<p><strong>Contactos<\/strong><\/p>\n<p>Para obter mais informa\u00e7\u00f5es sobre o tratamento dos seus dados ou para qualquer esclarecimento sobre a prote\u00e7\u00e3o de dados, pode contactar a nossa empresa, atrav\u00e9s dos contactos dispon\u00edveis no website.<\/p>\n<p><\/p>\t\t\t\t\t\t<\/div>\n\t\t\t\t<\/div>\n\t\t\t\t\t<\/div>\n\t\t<\/div>\n\t\t\t\t\t\t\t<\/div>\n\t\t<\/section>\n\t\t\t\t\t\t\t<\/div>\n\t\t","protected":false},"excerpt":{"rendered":"<p>Pol\u00edtica de Cookies Utilizamos cookies para assegurar uma melhor experi\u00eancia de utiliza\u00e7\u00e3o e tamb\u00e9m cookies de terceiros, como Google e Facebook, para medi\u00e7\u00e3o e an\u00e1lise de tr\u00e1fego. Estes cookies podem armazenar alguma informa\u00e7\u00e3o que permita identificar um visitante do website. O visitante pode, no entanto, configurar o seu programa de navega\u00e7\u00e3o na Internet para n\u00e3o &hellip;<\/p>\n<p class=\"read-more\"> <a class=\"\" href=\"https:\/\/rotadoazeitetrasosmontes.pt\/?page_id=1445\"> <span class=\"screen-reader-text\">Pol\u00edtica de cookies<\/span> Read More &raquo;<\/a><\/p>\n","protected":false},"author":1,"featured_media":0,"parent":0,"menu_order":0,"comment_status":"closed","ping_status":"closed","template":"","meta":{"site-sidebar-layout":"no-sidebar","site-content-layout":"page-builder","ast-global-header-display":"","ast-main-header-display":"","ast-hfb-above-header-display":"","ast-hfb-below-header-display":"","ast-hfb-mobile-header-display":"","site-post-title":"disabled","ast-breadcrumbs-content":"","ast-featured-img":"disabled","footer-sml-layout":"","theme-transparent-header-meta":"","adv-header-id-meta":"","stick-header-meta":"","header-above-stick-meta":"","header-main-stick-meta":"","header-below-stick-meta":"","footnotes":""},"class_list":["post-1445","page","type-page","status-publish","hentry"],"_links":{"self":[{"href":"https:\/\/rotadoazeitetrasosmontes.pt\/index.php?rest_route=\/wp\/v2\/pages\/1445","targetHints":{"allow":["GET"]}}],"collection":[{"href":"https:\/\/rotadoazeitetrasosmontes.pt\/index.php?rest_route=\/wp\/v2\/pages"}],"about":[{"href":"https:\/\/rotadoazeitetrasosmontes.pt\/index.php?rest_route=\/wp\/v2\/types\/page"}],"author":[{"embeddable":true,"href":"https:\/\/rotadoazeitetrasosmontes.pt\/index.php?rest_route=\/wp\/v2\/users\/1"}],"replies":[{"embeddable":true,"href":"https:\/\/rotadoazeitetrasosmontes.pt\/index.php?rest_route=%2Fwp%2Fv2%2Fcomments&post=1445"}],"version-history":[{"count":10,"href":"https:\/\/rotadoazeitetrasosmontes.pt\/index.php?rest_route=\/wp\/v2\/pages\/1445\/revisions"}],"predecessor-version":[{"id":1768,"href":"https:\/\/rotadoazeitetrasosmontes.pt\/index.php?rest_route=\/wp\/v2\/pages\/1445\/revisions\/1768"}],"wp:attachment":[{"href":"https:\/\/rotadoazeitetrasosmontes.pt\/index.php?rest_route=%2Fwp%2Fv2%2Fmedia&parent=1445"}],"curies":[{"name":"wp","href":"https:\/\/api.w.org\/{rel}","templated":true}]}}