{"id":1439,"date":"2023-01-23T14:46:53","date_gmt":"2023-01-23T14:46:53","guid":{"rendered":"https:\/\/rotadoazeitetrasosmontes.pt\/?page_id=1439"},"modified":"2023-01-29T16:52:05","modified_gmt":"2023-01-29T16:52:05","slug":"politica-de-privacidade","status":"publish","type":"page","link":"https:\/\/rotadoazeitetrasosmontes.pt\/?page_id=1439","title":{"rendered":"Pol\u00edtica de privacidade"},"content":{"rendered":"\t\t<div data-elementor-type=\"wp-page\" data-elementor-id=\"1439\" class=\"elementor elementor-1439\">\n\t\t\t\t\t\t\t\t\t<section class=\"elementor-section elementor-top-section elementor-element elementor-element-35f47081 elementor-section-boxed elementor-section-height-default elementor-section-height-default\" data-id=\"35f47081\" data-element_type=\"section\">\n\t\t\t\t\t\t<div class=\"elementor-container elementor-column-gap-default\">\n\t\t\t\t\t<div class=\"elementor-column elementor-col-100 elementor-top-column elementor-element elementor-element-5a3cc2be\" data-id=\"5a3cc2be\" data-element_type=\"column\">\n\t\t\t<div class=\"elementor-widget-wrap elementor-element-populated\">\n\t\t\t\t\t\t\t\t<div class=\"elementor-element elementor-element-38062dc0 elementor-widget elementor-widget-text-editor\" data-id=\"38062dc0\" data-element_type=\"widget\" data-widget_type=\"text-editor.default\">\n\t\t\t\t<div class=\"elementor-widget-container\">\n\t\t\t<style>\/*! elementor - v3.11.1 - 15-02-2023 *\/\n.elementor-widget-text-editor.elementor-drop-cap-view-stacked .elementor-drop-cap{background-color:#818a91;color:#fff}.elementor-widget-text-editor.elementor-drop-cap-view-framed .elementor-drop-cap{color:#818a91;border:3px solid;background-color:transparent}.elementor-widget-text-editor:not(.elementor-drop-cap-view-default) .elementor-drop-cap{margin-top:8px}.elementor-widget-text-editor:not(.elementor-drop-cap-view-default) .elementor-drop-cap-letter{width:1em;height:1em}.elementor-widget-text-editor .elementor-drop-cap{float:left;text-align:center;line-height:1;font-size:50px}.elementor-widget-text-editor .elementor-drop-cap-letter{display:inline-block}<\/style>\t\t\t\t\t\t\t\t\t\t<\/div>\n\t\t\t\t<\/div>\n\t\t\t\t\t<\/div>\n\t\t<\/div>\n\t\t\t\t\t\t\t<\/div>\n\t\t<\/section>\n\t\t\t\t<section class=\"elementor-section elementor-top-section elementor-element elementor-element-d4f1ba8 elementor-section-boxed elementor-section-height-default elementor-section-height-default\" data-id=\"d4f1ba8\" data-element_type=\"section\">\n\t\t\t\t\t\t<div class=\"elementor-container elementor-column-gap-default\">\n\t\t\t\t\t<div class=\"elementor-column elementor-col-100 elementor-top-column elementor-element elementor-element-7329de8\" data-id=\"7329de8\" data-element_type=\"column\">\n\t\t\t<div class=\"elementor-widget-wrap elementor-element-populated\">\n\t\t\t\t\t\t\t\t<div class=\"elementor-element elementor-element-aa9cb7e elementor-widget elementor-widget-text-editor\" data-id=\"aa9cb7e\" data-element_type=\"widget\" data-widget_type=\"text-editor.default\">\n\t\t\t\t<div class=\"elementor-widget-container\">\n\t\t\t\t\t\t\t\t\t\t\t\t\t<\/div>\n\t\t\t\t<\/div>\n\t\t\t\t\t<\/div>\n\t\t<\/div>\n\t\t\t\t\t\t\t<\/div>\n\t\t<\/section>\n\t\t\t\t<section class=\"elementor-section elementor-top-section elementor-element elementor-element-444096b elementor-section-boxed elementor-section-height-default elementor-section-height-default\" data-id=\"444096b\" data-element_type=\"section\">\n\t\t\t\t\t\t<div class=\"elementor-container elementor-column-gap-default\">\n\t\t\t\t\t<div class=\"elementor-column elementor-col-100 elementor-top-column elementor-element elementor-element-0e481f1\" data-id=\"0e481f1\" data-element_type=\"column\">\n\t\t\t<div class=\"elementor-widget-wrap elementor-element-populated\">\n\t\t\t\t\t\t\t\t<div class=\"elementor-element elementor-element-6e66304 elementor-widget elementor-widget-text-editor\" data-id=\"6e66304\" data-element_type=\"widget\" data-widget_type=\"text-editor.default\">\n\t\t\t\t<div class=\"elementor-widget-container\">\n\t\t\t\t\t\t\t<p><strong>Pol\u00edtica de Privacidade<\/strong><\/p>\n<p><span style=\"font-style: inherit; font-weight: inherit; color: var(--ast-global-color-2); background-color: var(--ast-global-color-5);\">A <\/span><b style=\"font-style: inherit; color: var(--ast-global-color-2); background-color: var(--ast-global-color-5);\">Rota do Azeite de Tr\u00e1s-os-Montes&nbsp;<\/b><span style=\"font-style: inherit; font-weight: inherit; color: var(--ast-global-color-2); background-color: var(--ast-global-color-5);\">est\u00e1 empenhada em proteger a privacidade dos seus Clientes e dos Utilizadores do seu website e, neste contexto, elaborou a presente Pol\u00edtica de Privacidade com a finalidade de demonstrar o seu compromisso e respeito para com as regras de privacidade e de prote\u00e7\u00e3o de dados pessoais.<\/span><\/p>\n<p><span style=\"font-style: inherit; font-weight: inherit; background-color: var(--ast-global-color-5); color: var(--ast-global-color-2);\">Esta Pol\u00edtica de Privacidade aplica-se exclusivamente \u00e0 recolha e tratamento de dados pessoais efetuados pela nossa empresa, sendo aconselhada a leitura integral deste documento.&nbsp;<\/span><\/p>\n<p><span style=\"font-style: inherit; font-weight: inherit; background-color: var(--ast-global-color-5); color: var(--ast-global-color-2);\">A presente Pol\u00edtica de Privacidade aplica-se a todos os dados pessoais recolhidos no website.<\/span><\/p>\n<p><\/p>\n<p><strong>Respons\u00e1vel pelo Tratamento de Dados<\/strong><\/p>\n<p>A entidade respons\u00e1vel pelo tratamento de dados pessoais \u00e9&nbsp;<span style=\"font-weight: 700; background-color: var(--ast-global-color-5); color: var(--ast-global-color-2); font-size: 1rem;\">Rota do Azeite de Tr\u00e1s-os-Montes<\/span><span style=\"font-style: inherit; font-weight: inherit; background-color: var(--ast-global-color-5); color: var(--ast-global-color-2);\">, com sede na Pra\u00e7a do Mercado 5370 &#8211; 287, Porta Central, Mirandela&nbsp;<\/span><span style=\"font-style: inherit; font-weight: inherit; color: var(--ast-global-color-2); background-color: var(--ast-global-color-5);\">com o endere\u00e7o de email geral.adratm@gmail.com.&nbsp;<\/span><\/p>\n<p><strong style=\"font-style: inherit; background-color: var(--ast-global-color-5); color: var(--ast-global-color-2);\">Tipos de Dados Pessoais<\/strong><\/p>\n<p>Os dados recolhidos no \u00e2mbito da atividade profissional s\u00e3o os que constam nos formul\u00e1rios de contacto presentes no nosso website.<\/p>\n<p><\/p>\n<p><strong>Como recolhemos os seus dados pessoais?<\/strong><\/p>\n<ul>\n<li>Atrav\u00e9s do nosso website;<\/li>\n<li>Quando subscreve o envio das nossas newsletters, dando-nos o seu consentimento.<\/li>\n<\/ul>\n<p><strong>Fundamento e Finalidades do Tratamento <\/strong><\/p>\n<ul>\n<li>Efeitos de Marketing e Vendas, como por exemplo: campanhas de marketing, eventos, promo\u00e7\u00f5es, informa\u00e7\u00e3o sobre novos ou atuais servi\u00e7os e\/ou produtos, inqu\u00e9ritos de satisfa\u00e7\u00e3o;<\/li>\n<li>Dilig\u00eancias pr\u00e9-contratuais e\/ou execu\u00e7\u00e3o de contrato de presta\u00e7\u00e3o de servi\u00e7os;<\/li>\n<li>Presta\u00e7\u00e3o dos servi\u00e7os contratados e gest\u00e3o de clientes;<\/li>\n<li>Cumprimento de obriga\u00e7\u00e3o legal;<\/li>\n<li>Quando o tratamento for necess\u00e1rio ao cumprimento de obriga\u00e7\u00f5es legais, como por exemplo, a resposta a entidades judiciais, de regula\u00e7\u00e3o e de supervis\u00e3o, entre outros;<\/li>\n<li>Interesse leg\u00edtimo;<\/li>\n<li>Quando o tratamento de dados pessoais corresponda a um interesse leg\u00edtimo, como por exemplo o tratamento de dados para melhoria de qualidade de servi\u00e7o, a dete\u00e7\u00e3o de fraude, etc.<\/li>\n<\/ul>\n<p><strong>Prazo de Conserva\u00e7\u00e3o<\/strong><\/p>\n<p>Conservamos os seus dados apenas durante o per\u00edodo que for necess\u00e1rio no \u00e2mbito da finalidade para a qual estes foram recolhidos.<\/p>\n<p><\/p>\n<p><strong>Direitos dos Utilizadores<\/strong><\/p>\n<p>O utilizador pode exercer a todo o tempo os seus direitos de acesso, atualiza\u00e7\u00e3o, apagamento, limita\u00e7\u00e3o, o direito de oposi\u00e7\u00e3o \u00e0 utiliza\u00e7\u00e3o dos mesmos para fins comerciais pela empresa e \u00e0 retirada do consentimento, sem que tal comprometa a licitude do tratamento efetuado ao abrigo desse consentimento, bem como o direito \u00e0 portabilidade dos dados atrav\u00e9s de solicita\u00e7\u00e3o por qualquer um dos meios acima indicados.<\/p>\n<p><\/p>\n<p>O titular poder\u00e1 ainda apresentar reclama\u00e7\u00f5es sobre o tratamento de dados junto da Comiss\u00e3o Nacional de Prote\u00e7\u00e3o de Dados.<\/p>\n<p><\/p>\n<p><strong>Transmiss\u00e3o de Dados<\/strong><\/p>\n<p>O tratamento dos dados dos utilizadores poder\u00e1 ser realizado por um prestador de servi\u00e7os id\u00f3neo, contratado pela nossa empresa. Quando tal sucede, s\u00e3o tomadas as medidas adequadas, de forma a assegurar que as entidades que tenham acesso aos dados, oferecem as mais elevadas garantias no que respeita \u00e0 prote\u00e7\u00e3o de dados.<\/p>\n<p>Assim, qualquer subcontratado, tratar\u00e1 os dados pessoais dos Utilizadores, em nome e por conta da nossa empresa, cumprindo rigorosamente as normas legais sobre prote\u00e7\u00e3o de dados pessoais, seguran\u00e7a da informa\u00e7\u00e3o e demais normas aplic\u00e1veis.<\/p>\n<p><\/p>\n<p><strong>Transfer\u00eancias Internacionais de Dados<\/strong><\/p>\n<p>A nossa empresa poder\u00e1, no \u00e2mbito das finalidades descritas, transferir os seus dados do utilizador para fora do territ\u00f3rio do Espa\u00e7o Econ\u00f3mico Europeu (EEE). Nestes casos, cumprir\u00e1 rigorosamente as disposi\u00e7\u00f5es legais aplic\u00e1veis, nomeadamente \u00e0 determina\u00e7\u00e3o da adequabilidade do(s) pa\u00eds(es) de destino no que respeita \u00e0 prote\u00e7\u00e3o de dados pessoais e aos requisitos aplic\u00e1veis a tais transfer\u00eancias.<\/p>\n<p><\/p>\n<p><strong>Decis\u00f5es Automatizadas&nbsp; <\/strong><\/p>\n<p>A nossa empresa poder\u00e1 elaborar perfis dos utilizadores, o que permitir\u00e1 a ado\u00e7\u00e3o de decis\u00f5es automatizadas, baseadas nas carater\u00edsticas pessoais, prefer\u00eancias, hist\u00f3rico de comportamento e localiza\u00e7\u00e3o. Nestes casos, o utilizador ter\u00e1 o direito de obter uma interven\u00e7\u00e3o humana na decis\u00e3o, de expressar o seu ponto de vista e de impugnar a decis\u00e3o adotada.<\/p>\n<p><\/p>\n<p><strong>Medidas de Prote\u00e7\u00e3o dos Dados Pessoais <\/strong><\/p>\n<p>A nossa empresa aplica diversas medidas t\u00e9cnicas e organizativas adequadas para proteger os dados pessoais dos utilizadores.<\/p>\n<p><\/p>\n<p><strong>Altera\u00e7\u00f5es \u00e0 Pol\u00edtica de Privacidade<\/strong><\/p>\n<p><span style=\"font-style: inherit; font-weight: inherit; background-color: var(--ast-global-color-5); color: var(--ast-global-color-2);\">Ocasionalmente, a nossa empresa atualizar\u00e1 esta Pol\u00edtica de Privacidade.<\/span><\/p>\n<p>Solicitamos-lhe que reveja periodicamente este documento para se manter atualizado.<\/p>\t\t\t\t\t\t<\/div>\n\t\t\t\t<\/div>\n\t\t\t\t\t<\/div>\n\t\t<\/div>\n\t\t\t\t\t\t\t<\/div>\n\t\t<\/section>\n\t\t\t\t\t\t\t<\/div>\n\t\t","protected":false},"excerpt":{"rendered":"<p>Pol\u00edtica de Privacidade A Rota do Azeite de Tr\u00e1s-os-Montes&nbsp;est\u00e1 empenhada em proteger a privacidade dos seus Clientes e dos Utilizadores do seu website e, neste contexto, elaborou a presente Pol\u00edtica de Privacidade com a finalidade de demonstrar o seu compromisso e respeito para com as regras de privacidade e de prote\u00e7\u00e3o de dados pessoais. Esta &hellip;<\/p>\n<p class=\"read-more\"> <a class=\"\" href=\"https:\/\/rotadoazeitetrasosmontes.pt\/?page_id=1439\"> <span class=\"screen-reader-text\">Pol\u00edtica de privacidade<\/span> Read More &raquo;<\/a><\/p>\n","protected":false},"author":1,"featured_media":0,"parent":0,"menu_order":0,"comment_status":"closed","ping_status":"closed","template":"","meta":{"site-sidebar-layout":"no-sidebar","site-content-layout":"page-builder","ast-global-header-display":"","ast-main-header-display":"","ast-hfb-above-header-display":"","ast-hfb-below-header-display":"","ast-hfb-mobile-header-display":"","site-post-title":"disabled","ast-breadcrumbs-content":"","ast-featured-img":"disabled","footer-sml-layout":"","theme-transparent-header-meta":"","adv-header-id-meta":"","stick-header-meta":"","header-above-stick-meta":"","header-main-stick-meta":"","header-below-stick-meta":"","footnotes":""},"class_list":["post-1439","page","type-page","status-publish","hentry"],"_links":{"self":[{"href":"https:\/\/rotadoazeitetrasosmontes.pt\/index.php?rest_route=\/wp\/v2\/pages\/1439","targetHints":{"allow":["GET"]}}],"collection":[{"href":"https:\/\/rotadoazeitetrasosmontes.pt\/index.php?rest_route=\/wp\/v2\/pages"}],"about":[{"href":"https:\/\/rotadoazeitetrasosmontes.pt\/index.php?rest_route=\/wp\/v2\/types\/page"}],"author":[{"embeddable":true,"href":"https:\/\/rotadoazeitetrasosmontes.pt\/index.php?rest_route=\/wp\/v2\/users\/1"}],"replies":[{"embeddable":true,"href":"https:\/\/rotadoazeitetrasosmontes.pt\/index.php?rest_route=%2Fwp%2Fv2%2Fcomments&post=1439"}],"version-history":[{"count":17,"href":"https:\/\/rotadoazeitetrasosmontes.pt\/index.php?rest_route=\/wp\/v2\/pages\/1439\/revisions"}],"predecessor-version":[{"id":1775,"href":"https:\/\/rotadoazeitetrasosmontes.pt\/index.php?rest_route=\/wp\/v2\/pages\/1439\/revisions\/1775"}],"wp:attachment":[{"href":"https:\/\/rotadoazeitetrasosmontes.pt\/index.php?rest_route=%2Fwp%2Fv2%2Fmedia&parent=1439"}],"curies":[{"name":"wp","href":"https:\/\/api.w.org\/{rel}","templated":true}]}}